{"id":1333,"date":"2023-05-15T11:48:02","date_gmt":"2023-05-15T16:48:02","guid":{"rendered":"https:\/\/dev.intermetperu.com\/?page_id=1333"},"modified":"2024-01-23T12:48:54","modified_gmt":"2024-01-23T17:48:54","slug":"contacto","status":"publish","type":"page","link":"https:\/\/intermetperu.com\/en\/contacto\/","title":{"rendered":"CONTACT US"},"content":{"rendered":"<div data-elementor-type=\"wp-page\" data-elementor-id=\"1333\" class=\"elementor elementor-1333\" data-elementor-post-type=\"page\">\n\t\t\t\t<div class=\"has_eae_slider elementor-element elementor-element-2a9cd26 e-flex e-con-boxed e-con e-parent\" data-eae-slider=\"69794\" data-id=\"2a9cd26\" data-element_type=\"container\" data-settings=\"{&quot;background_background&quot;:&quot;classic&quot;}\">\n\t\t\t\t\t<div class=\"e-con-inner\">\n\t\t<div class=\"has_eae_slider elementor-element elementor-element-83d6ed6 e-con-full e-flex e-con e-child\" data-eae-slider=\"10029\" data-id=\"83d6ed6\" data-element_type=\"container\">\n\t\t\t\t<div class=\"elementor-element elementor-element-265cf5c elementor-widget elementor-widget-spacer\" data-id=\"265cf5c\" data-element_type=\"widget\" data-widget_type=\"spacer.default\">\n\t\t\t\t<div class=\"elementor-widget-container\">\n\t\t\t\t\t\t\t<div class=\"elementor-spacer\">\n\t\t\t<div class=\"elementor-spacer-inner\"><\/div>\n\t\t<\/div>\n\t\t\t\t\t\t<\/div>\n\t\t\t\t<\/div>\n\t\t\t\t<div class=\"elementor-element elementor-element-2f44dd7 elementor-widget elementor-widget-heading\" data-id=\"2f44dd7\" data-element_type=\"widget\" data-widget_type=\"heading.default\">\n\t\t\t\t<div class=\"elementor-widget-container\">\n\t\t\t\t\t<h1 class=\"elementor-heading-title elementor-size-default\">Cont\u00e1ctenos: Intermet<\/h1>\t\t\t\t<\/div>\n\t\t\t\t<\/div>\n\t\t\t\t<div class=\"elementor-element elementor-element-bcb2e58 elementor-widget elementor-widget-text-editor\" data-id=\"bcb2e58\" data-element_type=\"widget\" data-widget_type=\"text-editor.default\">\n\t\t\t\t<div class=\"elementor-widget-container\">\n\t\t\t\t\t\t\t\t\t<a style=\"display: inline-block; margin: 0px; padding: 0px; color: #FFFFFF;\" href=\"https:\/\/intermetperu.com\/index.php\">Inicio<\/a>\u00a0\u00a0\u00a0\/ \u00a0\u00a0<a style=\"display: inline-block; margin: 0px; padding: 0px;color: #FFFFFF;\" href=\"https:\/\/intermetperu.com\/en\/contacto.php\/\">Cursos Online<\/a>\u00a0\u00a0\u00a0\/ \u00a0\u00a0<span class=\"a-link\" style=\"color: #f5c730; margin: 0px; padding: 0px; display: inline-block;\">Contact us<\/span>\t\t\t\t\t\t\t\t<\/div>\n\t\t\t\t<\/div>\n\t\t\t\t<div class=\"elementor-element elementor-element-3a113f5 elementor-widget elementor-widget-spacer\" data-id=\"3a113f5\" data-element_type=\"widget\" data-widget_type=\"spacer.default\">\n\t\t\t\t<div class=\"elementor-widget-container\">\n\t\t\t\t\t\t\t<div class=\"elementor-spacer\">\n\t\t\t<div class=\"elementor-spacer-inner\"><\/div>\n\t\t<\/div>\n\t\t\t\t\t\t<\/div>\n\t\t\t\t<\/div>\n\t\t\t\t<\/div>\n\t\t\t\t\t<\/div>\n\t\t\t\t<\/div>\n\t\t<div class=\"has_eae_slider elementor-element elementor-element-fff294f e-flex e-con-boxed e-con e-parent\" data-eae-slider=\"94712\" data-id=\"fff294f\" data-element_type=\"container\" data-settings=\"{&quot;background_background&quot;:&quot;classic&quot;}\">\n\t\t\t\t\t<div class=\"e-con-inner\">\n\t\t<div class=\"has_eae_slider elementor-element elementor-element-4a7eb20 e-con-full e-flex e-con e-child\" data-eae-slider=\"16858\" data-id=\"4a7eb20\" data-element_type=\"container\" data-settings=\"{&quot;background_background&quot;:&quot;classic&quot;}\">\n\t\t\t\t<div class=\"elementor-element elementor-element-28ae845 elementor-widget elementor-widget-text-editor\" data-id=\"28ae845\" data-element_type=\"widget\" data-widget_type=\"text-editor.default\">\n\t\t\t\t<div class=\"elementor-widget-container\">\n\t\t\t\t\t\t\t\t\t<p><strong>INTERNATIONAL METALLURGICAL CONSULTANS<\/strong><\/p><p><strong>Direcci\u00f3n:<\/strong><br \/>Av. Mariscal Ram\u00f3n Castilla N\u00ba\u00a0 889 | Santiago de Surco | Lima &#8211; Per\u00fa<\/p><p><strong>Cont\u00e1ctenos:<\/strong><\/p><p><span style=\"font-size: 16px;\">(51 1) 489 3145\u00a0 |\u00a0 (51) 987 975 959\u00a0 |\u00a0 metalurgia@intermetperu.com\u00a0 |\u00a0 informes@encuentrometalurgia.com<\/span><\/p>\t\t\t\t\t\t\t\t<\/div>\n\t\t\t\t<\/div>\n\t\t\t\t<div class=\"elementor-element elementor-element-ed1881d elementor-widget elementor-widget-google_maps\" data-id=\"ed1881d\" data-element_type=\"widget\" data-widget_type=\"google_maps.default\">\n\t\t\t\t<div class=\"elementor-widget-container\">\n\t\t\t\t\t\t\t<div class=\"elementor-custom-embed\">\n\t\t\t<iframe\n\t\t\t\t\tdata-src=\"https:\/\/maps.google.com\/maps?q=Av.%20Mariscal%20Ram%C3%B3n%20Castilla%20889&#038;t=m&#038;z=15&#038;output=embed&#038;iwloc=near\"\n\t\t\t\t\ttitle=\"Av. Mariscal Ram\u00f3n Castilla 889\"\n\t\t\t\t\taria-label=\"Av. Mariscal Ram\u00f3n Castilla 889\"\n\t\t\t src=\"data:image\/svg+xml;base64,PHN2ZyB3aWR0aD0iMSIgaGVpZ2h0PSIxIiB4bWxucz0iaHR0cDovL3d3dy53My5vcmcvMjAwMC9zdmciPjwvc3ZnPg==\" class=\"lazyload\" data-load-mode=\"1\"><\/iframe>\n\t\t<\/div>\n\t\t\t\t\t\t<\/div>\n\t\t\t\t<\/div>\n\t\t\t\t<\/div>\n\t\t<div class=\"has_eae_slider elementor-element elementor-element-f96a114 e-con-full e-flex e-con e-child\" data-eae-slider=\"26970\" data-id=\"f96a114\" data-element_type=\"container\" data-settings=\"{&quot;background_background&quot;:&quot;classic&quot;}\">\n\t\t\t\t<div class=\"elementor-element elementor-element-3d95d92 elementor-widget elementor-widget-heading\" data-id=\"3d95d92\" data-element_type=\"widget\" data-widget_type=\"heading.default\">\n\t\t\t\t<div class=\"elementor-widget-container\">\n\t\t\t\t\t<h2 class=\"elementor-heading-title elementor-size-default\"><h2 class=\"tituloblanco\" style=\"font-family: Oswald, Arial, sans-serif;font-size: 16px;margin: 6px;letter-spacing: 0.01em;white-space: normal\">CONSULTA SOBRE ESTE CURSO<\/h2><p class=\"txtblanco\" style=\"font-family: ArchivoNarrowregular, Arial, sans-serif;font-size: 15px;margin: 6px;white-space: normal\">No dude en comunicarce con nosotros y de inmediato lo vamos a guiar en todo lo necesario.<\/p><p style=\"font-family: ArchivoNarrowregular, Arial, sans-serif;font-size: 15px;margin: 6px\"><\/p><p style=\"font-family: ArchivoNarrowregular, Arial, sans-serif;font-size: 15px;margin: 6px\"><\/p><p style=\"font-family: ArchivoNarrowregular, Arial, sans-serif;font-size: 15px;margin: 6px\"><\/p><p style=\"font-family: ArchivoNarrowregular, Arial, sans-serif;font-size: 15px;margin: 6px\"><textarea name=\"comentarios\" id=\"comentarios\" class=\"comentarios\" style=\"width: 242.135px;height: 100px;padding: 20px;border-width: 2px;border-radius: 0.25rem\"><\/textarea><\/p><p style=\"font-family: ArchivoNarrowregular, Arial, sans-serif;font-size: 15px;margin: 6px\"><\/p><p style=\"font-family: ArchivoNarrowregular, Arial, sans-serif;font-size: 15px;margin: 6px\">NOTA : Los campos que poseen (*) son considerados obligatorios.<\/p><\/h2>\t\t\t\t<\/div>\n\t\t\t\t<\/div>\n\t\t\t\t<\/div>\n\t\t\t\t\t<\/div>\n\t\t\t\t<\/div>\n\t\t\t\t<\/div>","protected":false},"excerpt":{"rendered":"<p>Cont\u00e1ctenos: Intermet Inicio\u00a0\u00a0\u00a0\/ \u00a0\u00a0Cursos Online\u00a0\u00a0\u00a0\/ \u00a0\u00a0Cont\u00e1ctenos INTERNATIONAL METALLURGICAL CONSULTANS Direcci\u00f3n:Av. Mariscal Ram\u00f3n Castilla N\u00ba\u00a0 889 | Santiago de Surco | Lima &#8211; Per\u00fa Cont\u00e1ctenos: (51 1) 489 3145\u00a0 |\u00a0 (51) 987 975 959\u00a0 |\u00a0 metalurgia@intermetperu.com\u00a0 |\u00a0 informes@encuentrometalurgia.com CONSULTA SOBRE ESTE CURSO No dude en comunicarce con nosotros y de inmediato lo vamos a guiar en [&hellip;]<\/p>","protected":false},"author":1,"featured_media":0,"parent":0,"menu_order":0,"comment_status":"closed","ping_status":"closed","template":"","meta":{"_joinchat":[],"footnotes":""},"class_list":["post-1333","page","type-page","status-publish","hentry"],"yoast_head":"<!-- This site is optimized with the Yoast SEO plugin v26.5 - https:\/\/yoast.com\/wordpress\/plugins\/seo\/ -->\n<title>CONT\u00c1CTENOS - Intermetperu<\/title>\n<meta name=\"robots\" content=\"index, follow, max-snippet:-1, max-image-preview:large, max-video-preview:-1\" \/>\n<link rel=\"canonical\" href=\"https:\/\/intermetperu.com\/en\/contacto\/\" \/>\n<meta property=\"og:locale\" content=\"en_US\" \/>\n<meta property=\"og:type\" content=\"article\" \/>\n<meta property=\"og:title\" content=\"CONT\u00c1CTENOS - Intermetperu\" \/>\n<meta property=\"og:description\" content=\"Cont\u00e1ctenos: Intermet Inicio\u00a0\u00a0\u00a0\/ \u00a0\u00a0Cursos Online\u00a0\u00a0\u00a0\/ \u00a0\u00a0Cont\u00e1ctenos INTERNATIONAL METALLURGICAL CONSULTANS Direcci\u00f3n:Av. Mariscal Ram\u00f3n Castilla N\u00ba\u00a0 889 | Santiago de Surco | Lima &#8211; Per\u00fa Cont\u00e1ctenos: (51 1) 489 3145\u00a0 |\u00a0 (51) 987 975 959\u00a0 |\u00a0 metalurgia@intermetperu.com\u00a0 |\u00a0 informes@encuentrometalurgia.com CONSULTA SOBRE ESTE CURSO No dude en comunicarce con nosotros y de inmediato lo vamos a guiar en [&hellip;]\" \/>\n<meta property=\"og:url\" content=\"https:\/\/intermetperu.com\/en\/contacto\/\" \/>\n<meta property=\"og:site_name\" content=\"Intermetperu\" \/>\n<meta property=\"article:publisher\" content=\"https:\/\/www.facebook.com\/InterMetPeru\/?locale=es_LA\" \/>\n<meta property=\"article:modified_time\" content=\"2024-01-23T17:48:54+00:00\" \/>\n<meta name=\"twitter:card\" content=\"summary_large_image\" \/>\n<meta name=\"twitter:label1\" content=\"Est. reading time\" \/>\n\t<meta name=\"twitter:data1\" content=\"1 minute\" \/>\n<script type=\"application\/ld+json\" class=\"yoast-schema-graph\">{\"@context\":\"https:\/\/schema.org\",\"@graph\":[{\"@type\":\"WebPage\",\"@id\":\"https:\/\/intermetperu.com\/contacto\/\",\"url\":\"https:\/\/intermetperu.com\/contacto\/\",\"name\":\"CONT\u00c1CTENOS - Intermetperu\",\"isPartOf\":{\"@id\":\"https:\/\/intermetperu.com\/#website\"},\"datePublished\":\"2023-05-15T16:48:02+00:00\",\"dateModified\":\"2024-01-23T17:48:54+00:00\",\"breadcrumb\":{\"@id\":\"https:\/\/intermetperu.com\/contacto\/#breadcrumb\"},\"inLanguage\":\"en-US\",\"potentialAction\":[{\"@type\":\"ReadAction\",\"target\":[\"https:\/\/intermetperu.com\/contacto\/\"]}]},{\"@type\":\"BreadcrumbList\",\"@id\":\"https:\/\/intermetperu.com\/contacto\/#breadcrumb\",\"itemListElement\":[{\"@type\":\"ListItem\",\"position\":1,\"name\":\"Portada\",\"item\":\"https:\/\/intermetperu.com\/\"},{\"@type\":\"ListItem\",\"position\":2,\"name\":\"CONT\u00c1CTENOS\"}]},{\"@type\":\"WebSite\",\"@id\":\"https:\/\/intermetperu.com\/#website\",\"url\":\"https:\/\/intermetperu.com\/\",\"name\":\"Intermetperu\",\"description\":\"intermeteperu\",\"publisher\":{\"@id\":\"https:\/\/intermetperu.com\/#organization\"},\"potentialAction\":[{\"@type\":\"SearchAction\",\"target\":{\"@type\":\"EntryPoint\",\"urlTemplate\":\"https:\/\/intermetperu.com\/?s={search_term_string}\"},\"query-input\":{\"@type\":\"PropertyValueSpecification\",\"valueRequired\":true,\"valueName\":\"search_term_string\"}}],\"inLanguage\":\"en-US\"},{\"@type\":\"Organization\",\"@id\":\"https:\/\/intermetperu.com\/#organization\",\"name\":\"Intermetperu\",\"url\":\"https:\/\/intermetperu.com\/\",\"logo\":{\"@type\":\"ImageObject\",\"inLanguage\":\"en-US\",\"@id\":\"https:\/\/intermetperu.com\/#\/schema\/logo\/image\/\",\"url\":\"https:\/\/intermetperu.com\/wp-content\/uploads\/2023\/05\/INTERMET-LOGO.png\",\"contentUrl\":\"https:\/\/intermetperu.com\/wp-content\/uploads\/2023\/05\/INTERMET-LOGO.png\",\"width\":3508,\"height\":1188,\"caption\":\"Intermetperu\"},\"image\":{\"@id\":\"https:\/\/intermetperu.com\/#\/schema\/logo\/image\/\"},\"sameAs\":[\"https:\/\/www.facebook.com\/InterMetPeru\/?locale=es_LA\",\"https:\/\/www.instagram.com\/intermet_peru\/?hl=en\"]}]}<\/script>\n<!-- \/ Yoast SEO plugin. -->","yoast_head_json":{"title":"CONT\u00c1CTENOS - Intermetperu","robots":{"index":"index","follow":"follow","max-snippet":"max-snippet:-1","max-image-preview":"max-image-preview:large","max-video-preview":"max-video-preview:-1"},"canonical":"https:\/\/intermetperu.com\/en\/contacto\/","og_locale":"en_US","og_type":"article","og_title":"CONT\u00c1CTENOS - Intermetperu","og_description":"Cont\u00e1ctenos: Intermet Inicio\u00a0\u00a0\u00a0\/ \u00a0\u00a0Cursos Online\u00a0\u00a0\u00a0\/ \u00a0\u00a0Cont\u00e1ctenos INTERNATIONAL METALLURGICAL CONSULTANS Direcci\u00f3n:Av. Mariscal Ram\u00f3n Castilla N\u00ba\u00a0 889 | Santiago de Surco | Lima &#8211; Per\u00fa Cont\u00e1ctenos: (51 1) 489 3145\u00a0 |\u00a0 (51) 987 975 959\u00a0 |\u00a0 metalurgia@intermetperu.com\u00a0 |\u00a0 informes@encuentrometalurgia.com CONSULTA SOBRE ESTE CURSO No dude en comunicarce con nosotros y de inmediato lo vamos a guiar en [&hellip;]","og_url":"https:\/\/intermetperu.com\/en\/contacto\/","og_site_name":"Intermetperu","article_publisher":"https:\/\/www.facebook.com\/InterMetPeru\/?locale=es_LA","article_modified_time":"2024-01-23T17:48:54+00:00","twitter_card":"summary_large_image","twitter_misc":{"Est. reading time":"1 minute"},"schema":{"@context":"https:\/\/schema.org","@graph":[{"@type":"WebPage","@id":"https:\/\/intermetperu.com\/contacto\/","url":"https:\/\/intermetperu.com\/contacto\/","name":"CONT\u00c1CTENOS - Intermetperu","isPartOf":{"@id":"https:\/\/intermetperu.com\/#website"},"datePublished":"2023-05-15T16:48:02+00:00","dateModified":"2024-01-23T17:48:54+00:00","breadcrumb":{"@id":"https:\/\/intermetperu.com\/contacto\/#breadcrumb"},"inLanguage":"en-US","potentialAction":[{"@type":"ReadAction","target":["https:\/\/intermetperu.com\/contacto\/"]}]},{"@type":"BreadcrumbList","@id":"https:\/\/intermetperu.com\/contacto\/#breadcrumb","itemListElement":[{"@type":"ListItem","position":1,"name":"Portada","item":"https:\/\/intermetperu.com\/"},{"@type":"ListItem","position":2,"name":"CONT\u00c1CTENOS"}]},{"@type":"WebSite","@id":"https:\/\/intermetperu.com\/#website","url":"https:\/\/intermetperu.com\/","name":"Intermetperu","description":"intermeteperu","publisher":{"@id":"https:\/\/intermetperu.com\/#organization"},"potentialAction":[{"@type":"SearchAction","target":{"@type":"EntryPoint","urlTemplate":"https:\/\/intermetperu.com\/?s={search_term_string}"},"query-input":{"@type":"PropertyValueSpecification","valueRequired":true,"valueName":"search_term_string"}}],"inLanguage":"en-US"},{"@type":"Organization","@id":"https:\/\/intermetperu.com\/#organization","name":"Intermetperu","url":"https:\/\/intermetperu.com\/","logo":{"@type":"ImageObject","inLanguage":"en-US","@id":"https:\/\/intermetperu.com\/#\/schema\/logo\/image\/","url":"https:\/\/intermetperu.com\/wp-content\/uploads\/2023\/05\/INTERMET-LOGO.png","contentUrl":"https:\/\/intermetperu.com\/wp-content\/uploads\/2023\/05\/INTERMET-LOGO.png","width":3508,"height":1188,"caption":"Intermetperu"},"image":{"@id":"https:\/\/intermetperu.com\/#\/schema\/logo\/image\/"},"sameAs":["https:\/\/www.facebook.com\/InterMetPeru\/?locale=es_LA","https:\/\/www.instagram.com\/intermet_peru\/?hl=en"]}]}},"_links":{"self":[{"href":"https:\/\/intermetperu.com\/en\/wp-json\/wp\/v2\/pages\/1333","targetHints":{"allow":["GET"]}}],"collection":[{"href":"https:\/\/intermetperu.com\/en\/wp-json\/wp\/v2\/pages"}],"about":[{"href":"https:\/\/intermetperu.com\/en\/wp-json\/wp\/v2\/types\/page"}],"author":[{"embeddable":true,"href":"https:\/\/intermetperu.com\/en\/wp-json\/wp\/v2\/users\/1"}],"replies":[{"embeddable":true,"href":"https:\/\/intermetperu.com\/en\/wp-json\/wp\/v2\/comments?post=1333"}],"version-history":[{"count":0,"href":"https:\/\/intermetperu.com\/en\/wp-json\/wp\/v2\/pages\/1333\/revisions"}],"wp:attachment":[{"href":"https:\/\/intermetperu.com\/en\/wp-json\/wp\/v2\/media?parent=1333"}],"curies":[{"name":"wp","href":"https:\/\/api.w.org\/{rel}","templated":true}]}}