{"id":8706,"date":"2025-03-12T14:05:56","date_gmt":"2025-03-12T19:05:56","guid":{"rendered":"https:\/\/intermetperu.com\/?page_id=8706"},"modified":"2025-07-30T17:49:59","modified_gmt":"2025-07-30T22:49:59","slug":"mineriayproyectos","status":"publish","type":"page","link":"https:\/\/intermetperu.com\/en\/mineriayproyectos\/","title":{"rendered":"MinerIA y Proyectos"},"content":{"rendered":"<div data-elementor-type=\"wp-page\" data-elementor-id=\"8706\" class=\"elementor elementor-8706\" data-elementor-post-type=\"page\">\n\t\t\t\t<div class=\"has_eae_slider elementor-element elementor-element-39772e4 e-con-full e-flex e-con e-parent\" data-eae-slider=\"2468\" data-id=\"39772e4\" data-element_type=\"container\">\n\t\t<div class=\"has_eae_slider elementor-element elementor-element-ab08a30 e-flex e-con-boxed e-con e-child\" data-eae-slider=\"41516\" data-id=\"ab08a30\" data-element_type=\"container\">\n\t\t\t\t\t<div class=\"e-con-inner\">\n\t\t<div class=\"has_eae_slider elementor-element elementor-element-1b6eebe e-con-full e-flex e-con e-child\" data-eae-slider=\"39188\" data-id=\"1b6eebe\" data-element_type=\"container\">\n\t\t\t\t<div class=\"elementor-element elementor-element-4049ede elementor-widget elementor-widget-heading\" data-id=\"4049ede\" data-element_type=\"widget\" data-widget_type=\"heading.default\">\n\t\t\t\t<div class=\"elementor-widget-container\">\n\t\t\t\t\t<h2 class=\"elementor-heading-title elementor-size-default\">Lo m\u00e1s reciente:<\/h2>\t\t\t\t<\/div>\n\t\t\t\t<\/div>\n\t\t\t\t<\/div>\n\t\t\t\t<div class=\"elementor-element elementor-element-3a82a2c elementor-widget elementor-widget-carousel-slider-elementor\" data-id=\"3a82a2c\" data-element_type=\"widget\" data-widget_type=\"carousel-slider-elementor.default\">\n\t\t\t\t<div class=\"elementor-widget-container\">\n\t\t\t\t\t<div class=\"carousel-slider-elementor-widget\"><div class=\"carousel-slider-outer carousel-slider-outer-post-carousel carousel-slider-outer-9651\" style=\"--carousel-slider-nav-color:#f1f1f1;--carousel-slider-active-nav-color:#00d1b2;--carousel-slider-arrow-size:40px;--carousel-slider-bullet-size:10px\">\n<div id=\"&#039;id-9651\" class=\"carousel-slider carousel-slider-9651 arrows-visibility-always dots-visibility-always arrows-outside dots-center dots-circle owl-carousel\" data-slide-type=\"post-carousel\" data-owl-settings='{\"nav\":true,\"dots\":true,\"slideBy\":1,\"stagePadding\":0,\"margin\":5,\"loop\":true,\"lazyLoad\":true,\"autoplay\":true,\"autoplayTimeout\":5000,\"autoplaySpeed\":500,\"autoplayHoverPause\":true,\"autoWidth\":false,\"responsive\":{\"300\":{\"items\":1},\"576\":{\"items\":2},\"768\":{\"items\":2},\"1024\":{\"items\":3},\"1280\":{\"items\":4},\"1536\":{\"items\":5}}}'>\n<\/div><!-- .carousel-slider-9651 -->\n<\/div><!-- .carousel-slider-outer-9651 -->\n<\/div>\t\t\t\t<\/div>\n\t\t\t\t<\/div>\n\t\t\t\t\t<\/div>\n\t\t\t\t<\/div>\n\t\t\t\t<\/div>\n\t\t<div class=\"has_eae_slider elementor-element elementor-element-aef2674 e-flex e-con-boxed e-con e-parent\" data-eae-slider=\"38486\" data-id=\"aef2674\" data-element_type=\"container\">\n\t\t\t\t\t<div class=\"e-con-inner\">\n\t\t<div class=\"has_eae_slider elementor-element elementor-element-4bcad0a e-con-full elementor-hidden-tablet elementor-hidden-mobile e-flex e-con e-child\" data-eae-slider=\"45157\" data-id=\"4bcad0a\" data-element_type=\"container\">\n\t\t\t\t<div class=\"elementor-element elementor-element-41a2301 elementor-widget elementor-widget-image\" data-id=\"41a2301\" data-element_type=\"widget\" data-widget_type=\"image.default\">\n\t\t\t\t<div class=\"elementor-widget-container\">\n\t\t\t\t\t\t\t\t\t\t\t\t\t\t\t\t<a href=\"https:\/\/encuentrometalurgia.com\/mineria2025\/\">\n\t\t\t\t\t\t\t<img fetchpriority=\"high\" decoding=\"async\" width=\"388\" height=\"692\" src=\"https:\/\/intermetperu.com\/wp-content\/uploads\/2025\/05\/HISTORIA-DE-MINERIA-5.0-1.gif\" class=\"attachment-large size-large wp-image-13706\" alt=\"\" \/>\t\t\t\t\t\t\t\t<\/a>\n\t\t\t\t\t\t\t\t\t\t\t\t\t\t\t<\/div>\n\t\t\t\t<\/div>\n\t\t\t\t<\/div>\n\t\t<div class=\"has_eae_slider elementor-element elementor-element-0b6e613 e-con-full e-flex e-con e-child\" data-eae-slider=\"47663\" data-id=\"0b6e613\" data-element_type=\"container\">\n\t\t<div class=\"has_eae_slider elementor-element elementor-element-8005771 e-con-full e-flex e-con e-child\" data-eae-slider=\"80004\" data-id=\"8005771\" data-element_type=\"container\" data-settings=\"{&quot;background_background&quot;:&quot;classic&quot;}\">\n\t\t\t\t<div class=\"elementor-element elementor-element-08f9e90 elementor-widget elementor-widget-heading\" data-id=\"08f9e90\" data-element_type=\"widget\" data-widget_type=\"heading.default\">\n\t\t\t\t<div class=\"elementor-widget-container\">\n\t\t\t\t\t<h2 class=\"elementor-heading-title elementor-size-default\">ECONOM\u00cdA<\/h2>\t\t\t\t<\/div>\n\t\t\t\t<\/div>\n\t\t\t\t<\/div>\n\t\t<div class=\"has_eae_slider elementor-element elementor-element-1975dbb e-con-full e-flex e-con e-child\" data-eae-slider=\"55129\" data-id=\"1975dbb\" data-element_type=\"container\">\n\t\t\t\t<\/div>\n\t\t<div class=\"has_eae_slider elementor-element elementor-element-7f89f36 e-con-full e-flex e-con e-child\" data-eae-slider=\"79625\" data-id=\"7f89f36\" data-element_type=\"container\">\n\t\t<div class=\"has_eae_slider elementor-element elementor-element-95236fa e-con-full e-flex e-con e-child\" data-eae-slider=\"16817\" data-id=\"95236fa\" data-element_type=\"container\" data-settings=\"{&quot;background_background&quot;:&quot;classic&quot;}\">\n\t\t\t\t<div class=\"elementor-element elementor-element-fa89603 elementor-widget elementor-widget-heading\" data-id=\"fa89603\" data-element_type=\"widget\" data-widget_type=\"heading.default\">\n\t\t\t\t<div class=\"elementor-widget-container\">\n\t\t\t\t\t<h2 class=\"elementor-heading-title elementor-size-default\">EMPRESARIAL<\/h2>\t\t\t\t<\/div>\n\t\t\t\t<\/div>\n\t\t\t\t<\/div>\n\t\t\t\t<\/div>\n\t\t<div class=\"has_eae_slider elementor-element elementor-element-ca0c6e2 e-con-full e-flex e-con e-child\" data-eae-slider=\"19264\" data-id=\"ca0c6e2\" data-element_type=\"container\">\n\t\t<div class=\"has_eae_slider elementor-element elementor-element-4f1fdcf e-con-full e-flex e-con e-child\" data-eae-slider=\"51262\" data-id=\"4f1fdcf\" data-element_type=\"container\" data-settings=\"{&quot;background_background&quot;:&quot;classic&quot;}\">\n\t\t\t\t<div class=\"elementor-element elementor-element-12f2cb8 elementor-widget elementor-widget-heading\" data-id=\"12f2cb8\" data-element_type=\"widget\" data-widget_type=\"heading.default\">\n\t\t\t\t<div class=\"elementor-widget-container\">\n\t\t\t\t\t<h2 class=\"elementor-heading-title elementor-size-default\">ENERG\u00cdA<\/h2>\t\t\t\t<\/div>\n\t\t\t\t<\/div>\n\t\t\t\t<\/div>\n\t\t<div class=\"has_eae_slider elementor-element elementor-element-477ef52 e-con-full e-flex e-con e-child\" data-eae-slider=\"94175\" data-id=\"477ef52\" data-element_type=\"container\" data-settings=\"{&quot;background_background&quot;:&quot;classic&quot;}\">\n\t\t\t\t<div class=\"elementor-element elementor-element-025af03 elementor-widget elementor-widget-heading\" data-id=\"025af03\" data-element_type=\"widget\" data-widget_type=\"heading.default\">\n\t\t\t\t<div class=\"elementor-widget-container\">\n\t\t\t\t\t<h2 class=\"elementor-heading-title elementor-size-default\">HIDROCARBUROS<\/h2>\t\t\t\t<\/div>\n\t\t\t\t<\/div>\n\t\t\t\t<\/div>\n\t\t<div class=\"has_eae_slider elementor-element elementor-element-0dae952 e-con-full elementor-hidden-desktop elementor-hidden-tablet elementor-hidden-mobile e-flex e-con e-child\" data-eae-slider=\"92403\" data-id=\"0dae952\" data-element_type=\"container\" data-settings=\"{&quot;background_background&quot;:&quot;classic&quot;}\">\n\t\t\t\t<div class=\"elementor-element elementor-element-89d8b97 elementor-widget elementor-widget-heading\" data-id=\"89d8b97\" data-element_type=\"widget\" data-widget_type=\"heading.default\">\n\t\t\t\t<div class=\"elementor-widget-container\">\n\t\t\t\t\t<h2 class=\"elementor-heading-title elementor-size-default\">OPINI\u00d3N<\/h2>\t\t\t\t<\/div>\n\t\t\t\t<\/div>\n\t\t\t\t<\/div>\n\t\t<div class=\"has_eae_slider elementor-element elementor-element-30ee888 e-con-full e-flex e-con e-child\" data-eae-slider=\"37100\" data-id=\"30ee888\" data-element_type=\"container\" data-settings=\"{&quot;background_background&quot;:&quot;classic&quot;}\">\n\t\t\t\t<div class=\"elementor-element elementor-element-e58dc9b elementor-widget elementor-widget-heading\" data-id=\"e58dc9b\" data-element_type=\"widget\" data-widget_type=\"heading.default\">\n\t\t\t\t<div class=\"elementor-widget-container\">\n\t\t\t\t\t<h2 class=\"elementor-heading-title elementor-size-default\">RESPONSABILIDAD SOCIAL<\/h2>\t\t\t\t<\/div>\n\t\t\t\t<\/div>\n\t\t\t\t<\/div>\n\t\t\t\t<\/div>\n\t\t\t\t<\/div>\n\t\t<div class=\"has_eae_slider elementor-element elementor-element-b82a229 e-con-full elementor-hidden-tablet elementor-hidden-mobile e-flex e-con e-child\" data-eae-slider=\"56293\" data-id=\"b82a229\" data-element_type=\"container\">\n\t\t\t\t<div class=\"elementor-element elementor-element-7d49588 elementor-widget elementor-widget-image\" data-id=\"7d49588\" data-element_type=\"widget\" data-widget_type=\"image.default\">\n\t\t\t\t<div class=\"elementor-widget-container\">\n\t\t\t\t\t\t\t\t\t\t\t\t\t\t\t\t<a href=\"https:\/\/expocobre.com\/\">\n\t\t\t\t\t\t\t<img decoding=\"async\" width=\"328\" height=\"822\" data-src=\"https:\/\/intermetperu.com\/wp-content\/uploads\/2025\/05\/EC-2026-28-x-22-cm-796-x-1592-px-2.gif\" class=\"attachment-large size-large wp-image-13794 lazyload\" alt=\"\" src=\"data:image\/svg+xml;base64,PHN2ZyB3aWR0aD0iMSIgaGVpZ2h0PSIxIiB4bWxucz0iaHR0cDovL3d3dy53My5vcmcvMjAwMC9zdmciPjwvc3ZnPg==\" style=\"--smush-placeholder-width: 328px; --smush-placeholder-aspect-ratio: 328\/822;\" \/>\t\t\t\t\t\t\t\t<\/a>\n\t\t\t\t\t\t\t\t\t\t\t\t\t\t\t<\/div>\n\t\t\t\t<\/div>\n\t\t\t\t<\/div>\n\t\t\t\t\t<\/div>\n\t\t\t\t<\/div>\n\t\t\t\t<\/div>","protected":false},"excerpt":{"rendered":"<p>Lo m\u00e1s reciente: Lu, la becaria de Loreto que desaf\u00eda estereotipos en la industria de la maquinaria pesada Lo m\u00e1s reciente: Lu, la becaria de Loreto que desaf\u00eda estereotipos en la industria de la maquinaria pesada Lu, la &#8230; Antonio Buendia 30 julio, 2025 Actualidad (Miner\u00eda) Sector minero podr\u00eda reducir m\u00e1s de 300 toneladas de [&hellip;]<\/p>","protected":false},"author":1,"featured_media":10230,"parent":0,"menu_order":0,"comment_status":"closed","ping_status":"closed","template":"","meta":{"_joinchat":[],"footnotes":""},"class_list":["post-8706","page","type-page","status-publish","has-post-thumbnail","hentry"],"yoast_head":"<!-- This site is optimized with the Yoast SEO plugin v26.5 - https:\/\/yoast.com\/wordpress\/plugins\/seo\/ -->\n<title>MinerIA y Proyectos - Intermetperu<\/title>\n<meta name=\"robots\" content=\"index, follow, max-snippet:-1, max-image-preview:large, max-video-preview:-1\" \/>\n<link rel=\"canonical\" href=\"https:\/\/intermetperu.com\/en\/mineriayproyectos\/\" \/>\n<meta property=\"og:locale\" content=\"en_US\" \/>\n<meta property=\"og:type\" content=\"article\" \/>\n<meta property=\"og:title\" content=\"MinerIA y Proyectos - Intermetperu\" \/>\n<meta property=\"og:description\" content=\"Lo m\u00e1s reciente: Lu, la becaria de Loreto que desaf\u00eda estereotipos en la industria de la maquinaria pesada Lo m\u00e1s reciente: Lu, la becaria de Loreto que desaf\u00eda estereotipos en la industria de la maquinaria pesada Lu, la &#8230; Antonio Buendia 30 julio, 2025 Actualidad (Miner\u00eda) Sector minero podr\u00eda reducir m\u00e1s de 300 toneladas de [&hellip;]\" \/>\n<meta property=\"og:url\" content=\"https:\/\/intermetperu.com\/en\/mineriayproyectos\/\" \/>\n<meta property=\"og:site_name\" content=\"Intermetperu\" \/>\n<meta property=\"article:publisher\" content=\"https:\/\/www.facebook.com\/InterMetPeru\/?locale=es_LA\" \/>\n<meta property=\"article:modified_time\" content=\"2025-07-30T22:49:59+00:00\" \/>\n<meta property=\"og:image\" content=\"https:\/\/intermetperu.com\/wp-content\/uploads\/2025\/03\/logo-mineria-y-proyectos.png\" \/>\n\t<meta property=\"og:image:width\" content=\"731\" \/>\n\t<meta property=\"og:image:height\" content=\"368\" \/>\n\t<meta property=\"og:image:type\" content=\"image\/png\" \/>\n<meta name=\"twitter:card\" content=\"summary_large_image\" \/>\n<meta name=\"twitter:label1\" content=\"Est. reading time\" \/>\n\t<meta name=\"twitter:data1\" content=\"10 minutes\" \/>\n<script type=\"application\/ld+json\" class=\"yoast-schema-graph\">{\"@context\":\"https:\/\/schema.org\",\"@graph\":[{\"@type\":\"WebPage\",\"@id\":\"https:\/\/intermetperu.com\/mineriayproyectos\/\",\"url\":\"https:\/\/intermetperu.com\/mineriayproyectos\/\",\"name\":\"MinerIA y Proyectos - Intermetperu\",\"isPartOf\":{\"@id\":\"https:\/\/intermetperu.com\/#website\"},\"primaryImageOfPage\":{\"@id\":\"https:\/\/intermetperu.com\/mineriayproyectos\/#primaryimage\"},\"image\":{\"@id\":\"https:\/\/intermetperu.com\/mineriayproyectos\/#primaryimage\"},\"thumbnailUrl\":\"https:\/\/intermetperu.com\/wp-content\/uploads\/2025\/03\/logo-mineria-y-proyectos.png\",\"datePublished\":\"2025-03-12T19:05:56+00:00\",\"dateModified\":\"2025-07-30T22:49:59+00:00\",\"breadcrumb\":{\"@id\":\"https:\/\/intermetperu.com\/mineriayproyectos\/#breadcrumb\"},\"inLanguage\":\"en-US\",\"potentialAction\":[{\"@type\":\"ReadAction\",\"target\":[\"https:\/\/intermetperu.com\/mineriayproyectos\/\"]}]},{\"@type\":\"ImageObject\",\"inLanguage\":\"en-US\",\"@id\":\"https:\/\/intermetperu.com\/mineriayproyectos\/#primaryimage\",\"url\":\"https:\/\/intermetperu.com\/wp-content\/uploads\/2025\/03\/logo-mineria-y-proyectos.png\",\"contentUrl\":\"https:\/\/intermetperu.com\/wp-content\/uploads\/2025\/03\/logo-mineria-y-proyectos.png\",\"width\":731,\"height\":368},{\"@type\":\"BreadcrumbList\",\"@id\":\"https:\/\/intermetperu.com\/mineriayproyectos\/#breadcrumb\",\"itemListElement\":[{\"@type\":\"ListItem\",\"position\":1,\"name\":\"Portada\",\"item\":\"https:\/\/intermetperu.com\/\"},{\"@type\":\"ListItem\",\"position\":2,\"name\":\"MinerIA y Proyectos\"}]},{\"@type\":\"WebSite\",\"@id\":\"https:\/\/intermetperu.com\/#website\",\"url\":\"https:\/\/intermetperu.com\/\",\"name\":\"Intermetperu\",\"description\":\"intermeteperu\",\"publisher\":{\"@id\":\"https:\/\/intermetperu.com\/#organization\"},\"potentialAction\":[{\"@type\":\"SearchAction\",\"target\":{\"@type\":\"EntryPoint\",\"urlTemplate\":\"https:\/\/intermetperu.com\/?s={search_term_string}\"},\"query-input\":{\"@type\":\"PropertyValueSpecification\",\"valueRequired\":true,\"valueName\":\"search_term_string\"}}],\"inLanguage\":\"en-US\"},{\"@type\":\"Organization\",\"@id\":\"https:\/\/intermetperu.com\/#organization\",\"name\":\"Intermetperu\",\"url\":\"https:\/\/intermetperu.com\/\",\"logo\":{\"@type\":\"ImageObject\",\"inLanguage\":\"en-US\",\"@id\":\"https:\/\/intermetperu.com\/#\/schema\/logo\/image\/\",\"url\":\"https:\/\/intermetperu.com\/wp-content\/uploads\/2023\/05\/INTERMET-LOGO.png\",\"contentUrl\":\"https:\/\/intermetperu.com\/wp-content\/uploads\/2023\/05\/INTERMET-LOGO.png\",\"width\":3508,\"height\":1188,\"caption\":\"Intermetperu\"},\"image\":{\"@id\":\"https:\/\/intermetperu.com\/#\/schema\/logo\/image\/\"},\"sameAs\":[\"https:\/\/www.facebook.com\/InterMetPeru\/?locale=es_LA\",\"https:\/\/www.instagram.com\/intermet_peru\/?hl=en\"]}]}<\/script>\n<!-- \/ Yoast SEO plugin. -->","yoast_head_json":{"title":"MinerIA y Proyectos - Intermetperu","robots":{"index":"index","follow":"follow","max-snippet":"max-snippet:-1","max-image-preview":"max-image-preview:large","max-video-preview":"max-video-preview:-1"},"canonical":"https:\/\/intermetperu.com\/en\/mineriayproyectos\/","og_locale":"en_US","og_type":"article","og_title":"MinerIA y Proyectos - Intermetperu","og_description":"Lo m\u00e1s reciente: Lu, la becaria de Loreto que desaf\u00eda estereotipos en la industria de la maquinaria pesada Lo m\u00e1s reciente: Lu, la becaria de Loreto que desaf\u00eda estereotipos en la industria de la maquinaria pesada Lu, la &#8230; Antonio Buendia 30 julio, 2025 Actualidad (Miner\u00eda) Sector minero podr\u00eda reducir m\u00e1s de 300 toneladas de [&hellip;]","og_url":"https:\/\/intermetperu.com\/en\/mineriayproyectos\/","og_site_name":"Intermetperu","article_publisher":"https:\/\/www.facebook.com\/InterMetPeru\/?locale=es_LA","article_modified_time":"2025-07-30T22:49:59+00:00","og_image":[{"width":731,"height":368,"url":"https:\/\/intermetperu.com\/wp-content\/uploads\/2025\/03\/logo-mineria-y-proyectos.png","type":"image\/png"}],"twitter_card":"summary_large_image","twitter_misc":{"Est. reading time":"10 minutes"},"schema":{"@context":"https:\/\/schema.org","@graph":[{"@type":"WebPage","@id":"https:\/\/intermetperu.com\/mineriayproyectos\/","url":"https:\/\/intermetperu.com\/mineriayproyectos\/","name":"MinerIA y Proyectos - Intermetperu","isPartOf":{"@id":"https:\/\/intermetperu.com\/#website"},"primaryImageOfPage":{"@id":"https:\/\/intermetperu.com\/mineriayproyectos\/#primaryimage"},"image":{"@id":"https:\/\/intermetperu.com\/mineriayproyectos\/#primaryimage"},"thumbnailUrl":"https:\/\/intermetperu.com\/wp-content\/uploads\/2025\/03\/logo-mineria-y-proyectos.png","datePublished":"2025-03-12T19:05:56+00:00","dateModified":"2025-07-30T22:49:59+00:00","breadcrumb":{"@id":"https:\/\/intermetperu.com\/mineriayproyectos\/#breadcrumb"},"inLanguage":"en-US","potentialAction":[{"@type":"ReadAction","target":["https:\/\/intermetperu.com\/mineriayproyectos\/"]}]},{"@type":"ImageObject","inLanguage":"en-US","@id":"https:\/\/intermetperu.com\/mineriayproyectos\/#primaryimage","url":"https:\/\/intermetperu.com\/wp-content\/uploads\/2025\/03\/logo-mineria-y-proyectos.png","contentUrl":"https:\/\/intermetperu.com\/wp-content\/uploads\/2025\/03\/logo-mineria-y-proyectos.png","width":731,"height":368},{"@type":"BreadcrumbList","@id":"https:\/\/intermetperu.com\/mineriayproyectos\/#breadcrumb","itemListElement":[{"@type":"ListItem","position":1,"name":"Portada","item":"https:\/\/intermetperu.com\/"},{"@type":"ListItem","position":2,"name":"MinerIA y Proyectos"}]},{"@type":"WebSite","@id":"https:\/\/intermetperu.com\/#website","url":"https:\/\/intermetperu.com\/","name":"Intermetperu","description":"intermeteperu","publisher":{"@id":"https:\/\/intermetperu.com\/#organization"},"potentialAction":[{"@type":"SearchAction","target":{"@type":"EntryPoint","urlTemplate":"https:\/\/intermetperu.com\/?s={search_term_string}"},"query-input":{"@type":"PropertyValueSpecification","valueRequired":true,"valueName":"search_term_string"}}],"inLanguage":"en-US"},{"@type":"Organization","@id":"https:\/\/intermetperu.com\/#organization","name":"Intermetperu","url":"https:\/\/intermetperu.com\/","logo":{"@type":"ImageObject","inLanguage":"en-US","@id":"https:\/\/intermetperu.com\/#\/schema\/logo\/image\/","url":"https:\/\/intermetperu.com\/wp-content\/uploads\/2023\/05\/INTERMET-LOGO.png","contentUrl":"https:\/\/intermetperu.com\/wp-content\/uploads\/2023\/05\/INTERMET-LOGO.png","width":3508,"height":1188,"caption":"Intermetperu"},"image":{"@id":"https:\/\/intermetperu.com\/#\/schema\/logo\/image\/"},"sameAs":["https:\/\/www.facebook.com\/InterMetPeru\/?locale=es_LA","https:\/\/www.instagram.com\/intermet_peru\/?hl=en"]}]}},"_links":{"self":[{"href":"https:\/\/intermetperu.com\/en\/wp-json\/wp\/v2\/pages\/8706","targetHints":{"allow":["GET"]}}],"collection":[{"href":"https:\/\/intermetperu.com\/en\/wp-json\/wp\/v2\/pages"}],"about":[{"href":"https:\/\/intermetperu.com\/en\/wp-json\/wp\/v2\/types\/page"}],"author":[{"embeddable":true,"href":"https:\/\/intermetperu.com\/en\/wp-json\/wp\/v2\/users\/1"}],"replies":[{"embeddable":true,"href":"https:\/\/intermetperu.com\/en\/wp-json\/wp\/v2\/comments?post=8706"}],"version-history":[{"count":0,"href":"https:\/\/intermetperu.com\/en\/wp-json\/wp\/v2\/pages\/8706\/revisions"}],"wp:featuredmedia":[{"embeddable":true,"href":"https:\/\/intermetperu.com\/en\/wp-json\/wp\/v2\/media\/10230"}],"wp:attachment":[{"href":"https:\/\/intermetperu.com\/en\/wp-json\/wp\/v2\/media?parent=8706"}],"curies":[{"name":"wp","href":"https:\/\/api.w.org\/{rel}","templated":true}]}}